{"id":33758,"date":"2025-07-11T16:09:36","date_gmt":"2025-07-28T17:31:08","guid":{"rendered":"https:\/\/moozapro.com\/produktas\/%d0%b4%d0%b5%d1%82%d1%81%d0%ba%d0%b8%d0%b9-%d1%81%d1%82%d1%83%d0%bb%d1%8c%d1%87%d0%b8%d0%ba-monosit\/"},"modified":"2025-07-28T20:31:08","modified_gmt":"2025-07-28T17:31:08","slug":"%d0%b4%d0%b5%d1%82%d1%81%d0%ba%d0%b8%d0%b9-%d1%81%d1%82%d1%83%d0%bb%d1%8c%d1%87%d0%b8%d0%ba-monosit","status":"publish","type":"product","link":"https:\/\/moozapro.com\/ru\/produktas\/%d0%b4%d0%b5%d1%82%d1%81%d0%ba%d0%b8%d0%b9-%d1%81%d1%82%d1%83%d0%bb%d1%8c%d1%87%d0%b8%d0%ba-monosit\/","title":{"rendered":"\u0414\u0435\u0442\u0441\u043a\u0438\u0439 \u0441\u0442\u0443\u043b\u044c\u0447\u0438\u043a Monosit"},"content":{"rendered":"","protected":false},"excerpt":{"rendered":"","protected":false},"featured_media":33759,"comment_status":"open","ping_status":"closed","template":"","meta":[],"product_brand":[],"product_cat":[847],"product_tag":[],"class_list":{"0":"post-33758","1":"product","2":"type-product","3":"status-publish","4":"has-post-thumbnail","6":"product_cat-847","8":"first","9":"instock","10":"taxable","11":"shipping-taxable","12":"purchasable","13":"product-type-simple"},"yoast_head":"<!-- This site is optimized with the Yoast SEO plugin v27.4 - https:\/\/yoast.com\/product\/yoast-seo-wordpress\/ -->\n<title>\u0414\u0435\u0442\u0441\u043a\u0438\u0439 \u0441\u0442\u0443\u043b\u044c\u0447\u0438\u043a Monosit | Mooza Pro<\/title>\n<meta name=\"robots\" content=\"index, follow, max-snippet:-1, max-image-preview:large, max-video-preview:-1\" \/>\n<link rel=\"canonical\" href=\"https:\/\/moozapro.com\/ru\/produktas\/%d0%b4%d0%b5%d1%82%d1%81%d0%ba%d0%b8%d0%b9-%d1%81%d1%82%d1%83%d0%bb%d1%8c%d1%87%d0%b8%d0%ba-monosit\/\" \/>\n<meta property=\"og:locale\" content=\"ru_RU\" \/>\n<meta property=\"og:type\" content=\"article\" \/>\n<meta property=\"og:title\" content=\"\u0414\u0435\u0442\u0441\u043a\u0438\u0439 \u0441\u0442\u0443\u043b\u044c\u0447\u0438\u043a Monosit | Mooza Pro\" \/>\n<meta property=\"og:url\" content=\"https:\/\/moozapro.com\/ru\/produktas\/%d0%b4%d0%b5%d1%82%d1%81%d0%ba%d0%b8%d0%b9-%d1%81%d1%82%d1%83%d0%bb%d1%8c%d1%87%d0%b8%d0%ba-monosit\/\" \/>\n<meta property=\"og:site_name\" content=\"Mooza Pro\" \/>\n<meta property=\"article:publisher\" content=\"https:\/\/www.facebook.com\/moozabeauty\" \/>\n<meta property=\"og:image\" content=\"https:\/\/moozapro.com\/wp-content\/uploads\/2025\/07\/tr_TR-32.png\" \/>\n\t<meta property=\"og:image:width\" content=\"1100\" \/>\n\t<meta property=\"og:image:height\" content=\"1100\" \/>\n\t<meta property=\"og:image:type\" content=\"image\/png\" \/>\n<meta name=\"twitter:card\" content=\"summary_large_image\" \/>\n<script type=\"application\/ld+json\" class=\"yoast-schema-graph\">{\"@context\":\"https:\\\/\\\/schema.org\",\"@graph\":[{\"@type\":\"WebPage\",\"@id\":\"https:\\\/\\\/moozapro.com\\\/ru\\\/produktas\\\/%d0%b4%d0%b5%d1%82%d1%81%d0%ba%d0%b8%d0%b9-%d1%81%d1%82%d1%83%d0%bb%d1%8c%d1%87%d0%b8%d0%ba-monosit\\\/\",\"url\":\"https:\\\/\\\/moozapro.com\\\/ru\\\/produktas\\\/%d0%b4%d0%b5%d1%82%d1%81%d0%ba%d0%b8%d0%b9-%d1%81%d1%82%d1%83%d0%bb%d1%8c%d1%87%d0%b8%d0%ba-monosit\\\/\",\"name\":\"\u0414\u0435\u0442\u0441\u043a\u0438\u0439 \u0441\u0442\u0443\u043b\u044c\u0447\u0438\u043a Monosit | Mooza Pro\",\"isPartOf\":{\"@id\":\"https:\\\/\\\/moozapro.com\\\/ru\\\/#website\"},\"primaryImageOfPage\":{\"@id\":\"https:\\\/\\\/moozapro.com\\\/ru\\\/produktas\\\/%d0%b4%d0%b5%d1%82%d1%81%d0%ba%d0%b8%d0%b9-%d1%81%d1%82%d1%83%d0%bb%d1%8c%d1%87%d0%b8%d0%ba-monosit\\\/#primaryimage\"},\"image\":{\"@id\":\"https:\\\/\\\/moozapro.com\\\/ru\\\/produktas\\\/%d0%b4%d0%b5%d1%82%d1%81%d0%ba%d0%b8%d0%b9-%d1%81%d1%82%d1%83%d0%bb%d1%8c%d1%87%d0%b8%d0%ba-monosit\\\/#primaryimage\"},\"thumbnailUrl\":\"https:\\\/\\\/moozapro.com\\\/wp-content\\\/uploads\\\/2025\\\/07\\\/tr_TR-32.png\",\"datePublished\":\"2025-07-28T17:31:08+00:00\",\"breadcrumb\":{\"@id\":\"https:\\\/\\\/moozapro.com\\\/ru\\\/produktas\\\/%d0%b4%d0%b5%d1%82%d1%81%d0%ba%d0%b8%d0%b9-%d1%81%d1%82%d1%83%d0%bb%d1%8c%d1%87%d0%b8%d0%ba-monosit\\\/#breadcrumb\"},\"inLanguage\":\"ru-RU\",\"potentialAction\":[{\"@type\":\"ReadAction\",\"target\":[\"https:\\\/\\\/moozapro.com\\\/ru\\\/produktas\\\/%d0%b4%d0%b5%d1%82%d1%81%d0%ba%d0%b8%d0%b9-%d1%81%d1%82%d1%83%d0%bb%d1%8c%d1%87%d0%b8%d0%ba-monosit\\\/\"]}]},{\"@type\":\"ImageObject\",\"inLanguage\":\"ru-RU\",\"@id\":\"https:\\\/\\\/moozapro.com\\\/ru\\\/produktas\\\/%d0%b4%d0%b5%d1%82%d1%81%d0%ba%d0%b8%d0%b9-%d1%81%d1%82%d1%83%d0%bb%d1%8c%d1%87%d0%b8%d0%ba-monosit\\\/#primaryimage\",\"url\":\"https:\\\/\\\/moozapro.com\\\/wp-content\\\/uploads\\\/2025\\\/07\\\/tr_TR-32.png\",\"contentUrl\":\"https:\\\/\\\/moozapro.com\\\/wp-content\\\/uploads\\\/2025\\\/07\\\/tr_TR-32.png\",\"width\":1100,\"height\":1100},{\"@type\":\"BreadcrumbList\",\"@id\":\"https:\\\/\\\/moozapro.com\\\/ru\\\/produktas\\\/%d0%b4%d0%b5%d1%82%d1%81%d0%ba%d0%b8%d0%b9-%d1%81%d1%82%d1%83%d0%bb%d1%8c%d1%87%d0%b8%d0%ba-monosit\\\/#breadcrumb\",\"itemListElement\":[{\"@type\":\"ListItem\",\"position\":1,\"name\":\"Pagrindinis\",\"item\":\"https:\\\/\\\/moozapro.com\\\/ru\\\/\"},{\"@type\":\"ListItem\",\"position\":2,\"name\":\"\u041c\u0430\u0433\u0430\u0437\u0438\u043d\",\"item\":\"https:\\\/\\\/moozapro.com\\\/ru\\\/%d0%bc%d0%b0%d0%b3%d0%b0%d0%b7%d0%b8%d0%bd-2\\\/\"},{\"@type\":\"ListItem\",\"position\":3,\"name\":\"\u0414\u0435\u0442\u0441\u043a\u0438\u0439 \u0441\u0442\u0443\u043b\u044c\u0447\u0438\u043a Monosit\"}]},{\"@type\":\"WebSite\",\"@id\":\"https:\\\/\\\/moozapro.com\\\/ru\\\/#website\",\"url\":\"https:\\\/\\\/moozapro.com\\\/ru\\\/\",\"name\":\"Mooza Pro\",\"description\":\"Priemon\u0117s j\u016bs\u0173 plaukams\",\"publisher\":{\"@id\":\"https:\\\/\\\/moozapro.com\\\/ru\\\/#organization\"},\"potentialAction\":[{\"@type\":\"SearchAction\",\"target\":{\"@type\":\"EntryPoint\",\"urlTemplate\":\"https:\\\/\\\/moozapro.com\\\/ru\\\/?s={search_term_string}\"},\"query-input\":{\"@type\":\"PropertyValueSpecification\",\"valueRequired\":true,\"valueName\":\"search_term_string\"}}],\"inLanguage\":\"ru-RU\"},{\"@type\":\"Organization\",\"@id\":\"https:\\\/\\\/moozapro.com\\\/ru\\\/#organization\",\"name\":\"Mooza Pro\",\"url\":\"https:\\\/\\\/moozapro.com\\\/ru\\\/\",\"logo\":{\"@type\":\"ImageObject\",\"inLanguage\":\"ru-RU\",\"@id\":\"https:\\\/\\\/moozapro.com\\\/ru\\\/#\\\/schema\\\/logo\\\/image\\\/\",\"url\":\"https:\\\/\\\/moozapro.com\\\/wp-content\\\/uploads\\\/2023\\\/11\\\/Mooza-Pro-mazas-logo.png\",\"contentUrl\":\"https:\\\/\\\/moozapro.com\\\/wp-content\\\/uploads\\\/2023\\\/11\\\/Mooza-Pro-mazas-logo.png\",\"width\":250,\"height\":103,\"caption\":\"Mooza Pro\"},\"image\":{\"@id\":\"https:\\\/\\\/moozapro.com\\\/ru\\\/#\\\/schema\\\/logo\\\/image\\\/\"},\"sameAs\":[\"https:\\\/\\\/www.facebook.com\\\/moozabeauty\"]}]}<\/script>\n<!-- \/ Yoast SEO plugin. -->","yoast_head_json":{"title":"\u0414\u0435\u0442\u0441\u043a\u0438\u0439 \u0441\u0442\u0443\u043b\u044c\u0447\u0438\u043a Monosit | Mooza Pro","robots":{"index":"index","follow":"follow","max-snippet":"max-snippet:-1","max-image-preview":"max-image-preview:large","max-video-preview":"max-video-preview:-1"},"canonical":"https:\/\/moozapro.com\/ru\/produktas\/%d0%b4%d0%b5%d1%82%d1%81%d0%ba%d0%b8%d0%b9-%d1%81%d1%82%d1%83%d0%bb%d1%8c%d1%87%d0%b8%d0%ba-monosit\/","og_locale":"ru_RU","og_type":"article","og_title":"\u0414\u0435\u0442\u0441\u043a\u0438\u0439 \u0441\u0442\u0443\u043b\u044c\u0447\u0438\u043a Monosit | Mooza Pro","og_url":"https:\/\/moozapro.com\/ru\/produktas\/%d0%b4%d0%b5%d1%82%d1%81%d0%ba%d0%b8%d0%b9-%d1%81%d1%82%d1%83%d0%bb%d1%8c%d1%87%d0%b8%d0%ba-monosit\/","og_site_name":"Mooza Pro","article_publisher":"https:\/\/www.facebook.com\/moozabeauty","og_image":[{"width":1100,"height":1100,"url":"https:\/\/moozapro.com\/wp-content\/uploads\/2025\/07\/tr_TR-32.png","type":"image\/png"}],"twitter_card":"summary_large_image","schema":{"@context":"https:\/\/schema.org","@graph":[{"@type":"WebPage","@id":"https:\/\/moozapro.com\/ru\/produktas\/%d0%b4%d0%b5%d1%82%d1%81%d0%ba%d0%b8%d0%b9-%d1%81%d1%82%d1%83%d0%bb%d1%8c%d1%87%d0%b8%d0%ba-monosit\/","url":"https:\/\/moozapro.com\/ru\/produktas\/%d0%b4%d0%b5%d1%82%d1%81%d0%ba%d0%b8%d0%b9-%d1%81%d1%82%d1%83%d0%bb%d1%8c%d1%87%d0%b8%d0%ba-monosit\/","name":"\u0414\u0435\u0442\u0441\u043a\u0438\u0439 \u0441\u0442\u0443\u043b\u044c\u0447\u0438\u043a Monosit | Mooza Pro","isPartOf":{"@id":"https:\/\/moozapro.com\/ru\/#website"},"primaryImageOfPage":{"@id":"https:\/\/moozapro.com\/ru\/produktas\/%d0%b4%d0%b5%d1%82%d1%81%d0%ba%d0%b8%d0%b9-%d1%81%d1%82%d1%83%d0%bb%d1%8c%d1%87%d0%b8%d0%ba-monosit\/#primaryimage"},"image":{"@id":"https:\/\/moozapro.com\/ru\/produktas\/%d0%b4%d0%b5%d1%82%d1%81%d0%ba%d0%b8%d0%b9-%d1%81%d1%82%d1%83%d0%bb%d1%8c%d1%87%d0%b8%d0%ba-monosit\/#primaryimage"},"thumbnailUrl":"https:\/\/moozapro.com\/wp-content\/uploads\/2025\/07\/tr_TR-32.png","datePublished":"2025-07-28T17:31:08+00:00","breadcrumb":{"@id":"https:\/\/moozapro.com\/ru\/produktas\/%d0%b4%d0%b5%d1%82%d1%81%d0%ba%d0%b8%d0%b9-%d1%81%d1%82%d1%83%d0%bb%d1%8c%d1%87%d0%b8%d0%ba-monosit\/#breadcrumb"},"inLanguage":"ru-RU","potentialAction":[{"@type":"ReadAction","target":["https:\/\/moozapro.com\/ru\/produktas\/%d0%b4%d0%b5%d1%82%d1%81%d0%ba%d0%b8%d0%b9-%d1%81%d1%82%d1%83%d0%bb%d1%8c%d1%87%d0%b8%d0%ba-monosit\/"]}]},{"@type":"ImageObject","inLanguage":"ru-RU","@id":"https:\/\/moozapro.com\/ru\/produktas\/%d0%b4%d0%b5%d1%82%d1%81%d0%ba%d0%b8%d0%b9-%d1%81%d1%82%d1%83%d0%bb%d1%8c%d1%87%d0%b8%d0%ba-monosit\/#primaryimage","url":"https:\/\/moozapro.com\/wp-content\/uploads\/2025\/07\/tr_TR-32.png","contentUrl":"https:\/\/moozapro.com\/wp-content\/uploads\/2025\/07\/tr_TR-32.png","width":1100,"height":1100},{"@type":"BreadcrumbList","@id":"https:\/\/moozapro.com\/ru\/produktas\/%d0%b4%d0%b5%d1%82%d1%81%d0%ba%d0%b8%d0%b9-%d1%81%d1%82%d1%83%d0%bb%d1%8c%d1%87%d0%b8%d0%ba-monosit\/#breadcrumb","itemListElement":[{"@type":"ListItem","position":1,"name":"Pagrindinis","item":"https:\/\/moozapro.com\/ru\/"},{"@type":"ListItem","position":2,"name":"\u041c\u0430\u0433\u0430\u0437\u0438\u043d","item":"https:\/\/moozapro.com\/ru\/%d0%bc%d0%b0%d0%b3%d0%b0%d0%b7%d0%b8%d0%bd-2\/"},{"@type":"ListItem","position":3,"name":"\u0414\u0435\u0442\u0441\u043a\u0438\u0439 \u0441\u0442\u0443\u043b\u044c\u0447\u0438\u043a Monosit"}]},{"@type":"WebSite","@id":"https:\/\/moozapro.com\/ru\/#website","url":"https:\/\/moozapro.com\/ru\/","name":"Mooza Pro","description":"Priemon\u0117s j\u016bs\u0173 plaukams","publisher":{"@id":"https:\/\/moozapro.com\/ru\/#organization"},"potentialAction":[{"@type":"SearchAction","target":{"@type":"EntryPoint","urlTemplate":"https:\/\/moozapro.com\/ru\/?s={search_term_string}"},"query-input":{"@type":"PropertyValueSpecification","valueRequired":true,"valueName":"search_term_string"}}],"inLanguage":"ru-RU"},{"@type":"Organization","@id":"https:\/\/moozapro.com\/ru\/#organization","name":"Mooza Pro","url":"https:\/\/moozapro.com\/ru\/","logo":{"@type":"ImageObject","inLanguage":"ru-RU","@id":"https:\/\/moozapro.com\/ru\/#\/schema\/logo\/image\/","url":"https:\/\/moozapro.com\/wp-content\/uploads\/2023\/11\/Mooza-Pro-mazas-logo.png","contentUrl":"https:\/\/moozapro.com\/wp-content\/uploads\/2023\/11\/Mooza-Pro-mazas-logo.png","width":250,"height":103,"caption":"Mooza Pro"},"image":{"@id":"https:\/\/moozapro.com\/ru\/#\/schema\/logo\/image\/"},"sameAs":["https:\/\/www.facebook.com\/moozabeauty"]}]}},"_links":{"self":[{"href":"https:\/\/moozapro.com\/ru\/wp-json\/wp\/v2\/product\/33758","targetHints":{"allow":["GET"]}}],"collection":[{"href":"https:\/\/moozapro.com\/ru\/wp-json\/wp\/v2\/product"}],"about":[{"href":"https:\/\/moozapro.com\/ru\/wp-json\/wp\/v2\/types\/product"}],"replies":[{"embeddable":true,"href":"https:\/\/moozapro.com\/ru\/wp-json\/wp\/v2\/comments?post=33758"}],"version-history":[{"count":0,"href":"https:\/\/moozapro.com\/ru\/wp-json\/wp\/v2\/product\/33758\/revisions"}],"wp:featuredmedia":[{"embeddable":true,"href":"https:\/\/moozapro.com\/ru\/wp-json\/wp\/v2\/media\/33759"}],"wp:attachment":[{"href":"https:\/\/moozapro.com\/ru\/wp-json\/wp\/v2\/media?parent=33758"}],"wp:term":[{"taxonomy":"product_brand","embeddable":true,"href":"https:\/\/moozapro.com\/ru\/wp-json\/wp\/v2\/product_brand?post=33758"},{"taxonomy":"product_cat","embeddable":true,"href":"https:\/\/moozapro.com\/ru\/wp-json\/wp\/v2\/product_cat?post=33758"},{"taxonomy":"product_tag","embeddable":true,"href":"https:\/\/moozapro.com\/ru\/wp-json\/wp\/v2\/product_tag?post=33758"}],"curies":[{"name":"wp","href":"https:\/\/api.w.org\/{rel}","templated":true}]}}