{"id":34490,"date":"2024-05-27T15:38:01","date_gmt":"2024-05-27T12:38:01","guid":{"rendered":"https:\/\/moozapro.com\/produktas\/%d0%bc%d1%83%d0%b6%d1%81%d0%ba%d0%be%d0%b9-%d1%88%d0%b0%d0%bc%d0%bf%d1%83%d0%bd%d1%8c-%d0%bf%d1%80%d0%be%d1%82%d0%b8%d0%b2-%d0%b2%d1%8b%d0%bf%d0%b0%d0%b4%d0%b5%d0%bd%d0%b8%d1%8f-%d0%b2%d0%be%d0%bb\/"},"modified":"2026-02-13T16:00:13","modified_gmt":"2026-02-13T14:00:13","slug":"%d0%bc%d1%83%d0%b6%d1%81%d0%ba%d0%be%d0%b9-%d1%88%d0%b0%d0%bc%d0%bf%d1%83%d0%bd%d1%8c-%d0%bf%d1%80%d0%be%d1%82%d0%b8%d0%b2-%d0%b2%d1%8b%d0%bf%d0%b0%d0%b4%d0%b5%d0%bd%d0%b8%d1%8f-%d0%b2%d0%be%d0%bb","status":"publish","type":"product","link":"https:\/\/moozapro.com\/ru\/produktas\/%d0%bc%d1%83%d0%b6%d1%81%d0%ba%d0%be%d0%b9-%d1%88%d0%b0%d0%bc%d0%bf%d1%83%d0%bd%d1%8c-%d0%bf%d1%80%d0%be%d1%82%d0%b8%d0%b2-%d0%b2%d1%8b%d0%bf%d0%b0%d0%b4%d0%b5%d0%bd%d0%b8%d1%8f-%d0%b2%d0%be%d0%bb\/","title":{"rendered":"\u041c\u0443\u0436\u0441\u043a\u043e\u0439 \u0448\u0430\u043c\u043f\u0443\u043d\u044c \u043f\u0440\u043e\u0442\u0438\u0432 \u0432\u044b\u043f\u0430\u0434\u0435\u043d\u0438\u044f \u0432\u043e\u043b\u043e\u0441 &#171;\u041a\u0443\u0431\u0430\""},"content":{"rendered":"<p>\u041e\u0441\u0432\u0435\u0436\u0430\u044e\u0449\u0438\u0439 \u0448\u0430\u043c\u043f\u0443\u043d\u044c \u043f\u0440\u043e\u0442\u0438\u0432 \u0432\u044b\u043f\u0430\u0434\u0435\u043d\u0438\u044f \u0432\u043e\u043b\u043e\u0441, \u043e\u0431\u043e\u0433\u0430\u0449\u0435\u043d\u043d\u044b\u0439 \u043f\u0435\u0440\u0435\u0447\u043d\u043e\u0439 \u043c\u044f\u0442\u043e\u0439, \u0437\u0430\u0449\u0438\u0449\u0430\u0435\u0442 \u0438 \u0443\u043a\u0440\u0435\u043f\u043b\u044f\u0435\u0442 \u0432\u043e\u043b\u043e\u0441\u044b.<\/p>\n<p>\u0423\u0441\u043e\u0432\u0435\u0440\u0448\u0435\u043d\u0441\u0442\u0432\u043e\u0432\u0430\u043d\u043d\u0430\u044f \u0444\u043e\u0440\u043c\u0443\u043b\u0430, \u0431\u043e\u0433\u0430\u0442\u0430\u044f \u044d\u0444\u0438\u0440\u043d\u044b\u043c\u0438 \u043c\u0430\u0441\u043b\u0430\u043c\u0438, \u0432\u043a\u043b\u044e\u0447\u0430\u044f \u043c\u0430\u0441\u043b\u043e \u0431\u0443\u0440\u0438\u0442\u0438, \u0436\u043e\u0436\u043e\u0431\u0430 \u0438 \u043c\u0438\u043d\u0434\u0430\u043b\u044f, \u043f\u0438\u0442\u0430\u0435\u0442 \u0438 \u0443\u0432\u043b\u0430\u0436\u043d\u044f\u0435\u0442 \u0432\u043e\u043b\u043e\u0441\u044b.<\/p>\n<p>\u0418\u0421\u041f\u041e\u041b\u042c\u0417\u041e\u0412\u0410\u041d\u0418\u0415: \u043d\u0430\u043d\u0435\u0441\u0438\u0442\u0435 \u043d\u0430 \u0432\u043b\u0430\u0436\u043d\u0443\u044e \u043a\u043e\u0436\u0443 \u0438 \u0432\u043e\u043b\u043e\u0441\u044b, \u0432\u043c\u0430\u0441\u0441\u0438\u0440\u0443\u0439\u0442\u0435, \u0441\u043c\u043e\u0439\u0442\u0435. \u041f\u0440\u0438 \u0441\u0438\u043b\u044c\u043d\u043e\u043c \u0432\u044b\u043f\u0430\u0434\u0435\u043d\u0438\u0438 \u0432\u043e\u043b\u043e\u0441 \u043e\u0441\u0442\u0430\u0432\u044c\u0442\u0435 \u0441\u0440\u0435\u0434\u0441\u0442\u0432\u043e \u043d\u0430 \u043a\u043e\u0436\u0435 \u043d\u0430 1-5 \u043c\u0438\u043d\u0443\u0442. <\/p>\n<p>\u0421\u043e\u0441\u0442\u0430\u0432:<span style=\"font-size: 8pt;\">Aqua, Ammonium lauryl sulphate, Cocamidopropyl betaine, Sodium lauryl glucose carboxylate, Lauryl glucoside, Curcuma longa callus conditioned media, Gardenia taitensis flower extract, Melia azadirachta seed oil, Simmondsia chinensis seed oil, Prunus amygdalus dulcis oil, Oryza sativa bran oil, Cocos nucifera oil, Mauritia flexuosa fruit oil, Mentha viridis leaf oil, Mentha piperita oil, Commiphora myrrha oil, Santalum album oil, Pinus mugo leaf oil | Pinus mugo, Cupressus sempervirens leaf oil, Cedrus atlantica wood oil | Cedrus atlantica oil\/ extract, Menthol, Citric acid, Phytic acid, Sodium benzoate, Limonene, Pinene, Citrus aurantifolia peel oil distilled, Tetrasodium glutamate diacetate, Pentylene glycol, Tocopherol.<\/span><\/p>\n","protected":false},"excerpt":{"rendered":"<p>\u041e\u0441\u0432\u0435\u0436\u0430\u044e\u0449\u0438\u0439 \u0448\u0430\u043c\u043f\u0443\u043d\u044c \u043f\u0440\u043e\u0442\u0438\u0432 \u0432\u044b\u043f\u0430\u0434\u0435\u043d\u0438\u044f \u0432\u043e\u043b\u043e\u0441, \u043e\u0431\u043e\u0433\u0430\u0449\u0435\u043d\u043d\u044b\u0439 \u043f\u0435\u0440\u0435\u0447\u043d\u043e\u0439 \u043c\u044f\u0442\u043e\u0439, \u0437\u0430\u0449\u0438\u0449\u0430\u0435\u0442 \u0438 \u0443\u043a\u0440\u0435\u043f\u043b\u044f\u0435\u0442 \u0432\u043e\u043b\u043e\u0441\u044b. \u0423\u0441\u043e\u0432\u0435\u0440\u0448\u0435\u043d\u0441\u0442\u0432\u043e\u0432\u0430\u043d\u043d\u0430\u044f \u0444\u043e\u0440\u043c\u0443\u043b\u0430, \u0431\u043e\u0433\u0430\u0442\u0430\u044f \u044d\u0444\u0438\u0440\u043d\u044b\u043c\u0438 \u043c\u0430\u0441\u043b\u0430\u043c\u0438, \u0432\u043a\u043b\u044e\u0447\u0430\u044f \u043c\u0430\u0441\u043b\u043e \u0431\u0443\u0440\u0438\u0442\u0438, \u0436\u043e\u0436\u043e\u0431\u0430 \u0438 \u043c\u0438\u043d\u0434\u0430\u043b\u044f, \u043f\u0438\u0442\u0430\u0435\u0442 \u0438 \u0443\u0432\u043b\u0430\u0436\u043d\u044f\u0435\u0442 \u0432\u043e\u043b\u043e\u0441\u044b. \u0418\u0421\u041f\u041e\u041b\u042c\u0417\u041e\u0412\u0410\u041d\u0418\u0415: \u043d\u0430\u043d\u0435\u0441\u0438\u0442\u0435 \u043d\u0430 \u0432\u043b\u0430\u0436\u043d\u0443\u044e \u043a\u043e\u0436\u0443 \u0438 \u0432\u043e\u043b\u043e\u0441\u044b, \u0432\u043c\u0430\u0441\u0441\u0438\u0440\u0443\u0439\u0442\u0435, \u0441\u043c\u043e\u0439\u0442\u0435. \u041f\u0440\u0438 \u0441\u0438\u043b\u044c\u043d\u043e\u043c \u0432\u044b\u043f\u0430\u0434\u0435\u043d\u0438\u0438 \u0432\u043e\u043b\u043e\u0441 \u043e\u0441\u0442\u0430\u0432\u044c\u0442\u0435 \u0441\u0440\u0435\u0434\u0441\u0442\u0432\u043e \u043d\u0430 \u043a\u043e\u0436\u0435 \u043d\u0430 1-5 \u043c\u0438\u043d\u0443\u0442. \u0421\u043e\u0441\u0442\u0430\u0432:Aqua, Ammonium lauryl sulphate, Cocamidopropyl betaine, Sodium lauryl glucose carboxylate, Lauryl glucoside, Curcuma\u2026<\/p>\n","protected":false},"featured_media":34491,"comment_status":"open","ping_status":"closed","template":"","meta":[],"product_brand":[],"product_cat":[884,771],"product_tag":[],"class_list":{"0":"post-34490","1":"product","2":"type-product","3":"status-publish","4":"has-post-thumbnail","6":"product_cat-884","7":"product_cat-771","8":"yith_product_brand-the-inglorious-mariner","10":"first","11":"instock","12":"taxable","13":"shipping-taxable","14":"purchasable","15":"product-type-simple"},"yoast_head":"<!-- This site is optimized with the Yoast SEO plugin v27.4 - https:\/\/yoast.com\/product\/yoast-seo-wordpress\/ -->\n<title>\u041c\u0443\u0436\u0441\u043a\u043e\u0439 \u0448\u0430\u043c\u043f\u0443\u043d\u044c \u043f\u0440\u043e\u0442\u0438\u0432 \u0432\u044b\u043f\u0430\u0434\u0435\u043d\u0438\u044f \u0432\u043e\u043b\u043e\u0441 &quot;\u041a\u0443\u0431\u0430&quot; | Mooza Pro<\/title>\n<meta name=\"robots\" content=\"index, follow, max-snippet:-1, max-image-preview:large, max-video-preview:-1\" \/>\n<link rel=\"canonical\" href=\"https:\/\/moozapro.com\/ru\/produktas\/%d0%bc%d1%83%d0%b6%d1%81%d0%ba%d0%be%d0%b9-%d1%88%d0%b0%d0%bc%d0%bf%d1%83%d0%bd%d1%8c-%d0%bf%d1%80%d0%be%d1%82%d0%b8%d0%b2-%d0%b2%d1%8b%d0%bf%d0%b0%d0%b4%d0%b5%d0%bd%d0%b8%d1%8f-%d0%b2%d0%be%d0%bb\/\" \/>\n<meta property=\"og:locale\" content=\"ru_RU\" \/>\n<meta property=\"og:type\" content=\"article\" \/>\n<meta property=\"og:title\" content=\"\u041c\u0443\u0436\u0441\u043a\u043e\u0439 \u0448\u0430\u043c\u043f\u0443\u043d\u044c \u043f\u0440\u043e\u0442\u0438\u0432 \u0432\u044b\u043f\u0430\u0434\u0435\u043d\u0438\u044f \u0432\u043e\u043b\u043e\u0441 &quot;\u041a\u0443\u0431\u0430&quot; | Mooza Pro\" \/>\n<meta property=\"og:description\" content=\"\u041e\u0441\u0432\u0435\u0436\u0430\u044e\u0449\u0438\u0439 \u0448\u0430\u043c\u043f\u0443\u043d\u044c \u043f\u0440\u043e\u0442\u0438\u0432 \u0432\u044b\u043f\u0430\u0434\u0435\u043d\u0438\u044f \u0432\u043e\u043b\u043e\u0441, \u043e\u0431\u043e\u0433\u0430\u0449\u0435\u043d\u043d\u044b\u0439 \u043f\u0435\u0440\u0435\u0447\u043d\u043e\u0439 \u043c\u044f\u0442\u043e\u0439, \u0437\u0430\u0449\u0438\u0449\u0430\u0435\u0442 \u0438 \u0443\u043a\u0440\u0435\u043f\u043b\u044f\u0435\u0442 \u0432\u043e\u043b\u043e\u0441\u044b. \u0423\u0441\u043e\u0432\u0435\u0440\u0448\u0435\u043d\u0441\u0442\u0432\u043e\u0432\u0430\u043d\u043d\u0430\u044f \u0444\u043e\u0440\u043c\u0443\u043b\u0430, \u0431\u043e\u0433\u0430\u0442\u0430\u044f \u044d\u0444\u0438\u0440\u043d\u044b\u043c\u0438 \u043c\u0430\u0441\u043b\u0430\u043c\u0438, \u0432\u043a\u043b\u044e\u0447\u0430\u044f \u043c\u0430\u0441\u043b\u043e \u0431\u0443\u0440\u0438\u0442\u0438, \u0436\u043e\u0436\u043e\u0431\u0430 \u0438 \u043c\u0438\u043d\u0434\u0430\u043b\u044f, \u043f\u0438\u0442\u0430\u0435\u0442 \u0438 \u0443\u0432\u043b\u0430\u0436\u043d\u044f\u0435\u0442 \u0432\u043e\u043b\u043e\u0441\u044b. \u0418\u0421\u041f\u041e\u041b\u042c\u0417\u041e\u0412\u0410\u041d\u0418\u0415: \u043d\u0430\u043d\u0435\u0441\u0438\u0442\u0435 \u043d\u0430 \u0432\u043b\u0430\u0436\u043d\u0443\u044e \u043a\u043e\u0436\u0443 \u0438 \u0432\u043e\u043b\u043e\u0441\u044b, \u0432\u043c\u0430\u0441\u0441\u0438\u0440\u0443\u0439\u0442\u0435, \u0441\u043c\u043e\u0439\u0442\u0435. \u041f\u0440\u0438 \u0441\u0438\u043b\u044c\u043d\u043e\u043c \u0432\u044b\u043f\u0430\u0434\u0435\u043d\u0438\u0438 \u0432\u043e\u043b\u043e\u0441 \u043e\u0441\u0442\u0430\u0432\u044c\u0442\u0435 \u0441\u0440\u0435\u0434\u0441\u0442\u0432\u043e \u043d\u0430 \u043a\u043e\u0436\u0435 \u043d\u0430 1-5 \u043c\u0438\u043d\u0443\u0442. \u0421\u043e\u0441\u0442\u0430\u0432:Aqua, Ammonium lauryl sulphate, Cocamidopropyl betaine, Sodium lauryl glucose carboxylate, Lauryl glucoside, Curcuma\u2026\" \/>\n<meta property=\"og:url\" content=\"https:\/\/moozapro.com\/ru\/produktas\/%d0%bc%d1%83%d0%b6%d1%81%d0%ba%d0%be%d0%b9-%d1%88%d0%b0%d0%bc%d0%bf%d1%83%d0%bd%d1%8c-%d0%bf%d1%80%d0%be%d1%82%d0%b8%d0%b2-%d0%b2%d1%8b%d0%bf%d0%b0%d0%b4%d0%b5%d0%bd%d0%b8%d1%8f-%d0%b2%d0%be%d0%bb\/\" \/>\n<meta property=\"og:site_name\" content=\"Mooza Pro\" \/>\n<meta property=\"article:publisher\" content=\"https:\/\/www.facebook.com\/moozabeauty\" \/>\n<meta property=\"article:modified_time\" content=\"2026-02-13T14:00:13+00:00\" \/>\n<meta property=\"og:image\" content=\"https:\/\/moozapro.com\/wp-content\/uploads\/2024\/05\/cuba.jpg\" \/>\n\t<meta property=\"og:image:width\" content=\"1200\" \/>\n\t<meta property=\"og:image:height\" content=\"1200\" \/>\n\t<meta property=\"og:image:type\" content=\"image\/jpeg\" \/>\n<meta name=\"twitter:card\" content=\"summary_large_image\" \/>\n<script type=\"application\/ld+json\" class=\"yoast-schema-graph\">{\"@context\":\"https:\\\/\\\/schema.org\",\"@graph\":[{\"@type\":\"WebPage\",\"@id\":\"https:\\\/\\\/moozapro.com\\\/ru\\\/produktas\\\/%d0%bc%d1%83%d0%b6%d1%81%d0%ba%d0%be%d0%b9-%d1%88%d0%b0%d0%bc%d0%bf%d1%83%d0%bd%d1%8c-%d0%bf%d1%80%d0%be%d1%82%d0%b8%d0%b2-%d0%b2%d1%8b%d0%bf%d0%b0%d0%b4%d0%b5%d0%bd%d0%b8%d1%8f-%d0%b2%d0%be%d0%bb\\\/\",\"url\":\"https:\\\/\\\/moozapro.com\\\/ru\\\/produktas\\\/%d0%bc%d1%83%d0%b6%d1%81%d0%ba%d0%be%d0%b9-%d1%88%d0%b0%d0%bc%d0%bf%d1%83%d0%bd%d1%8c-%d0%bf%d1%80%d0%be%d1%82%d0%b8%d0%b2-%d0%b2%d1%8b%d0%bf%d0%b0%d0%b4%d0%b5%d0%bd%d0%b8%d1%8f-%d0%b2%d0%be%d0%bb\\\/\",\"name\":\"\u041c\u0443\u0436\u0441\u043a\u043e\u0439 \u0448\u0430\u043c\u043f\u0443\u043d\u044c \u043f\u0440\u043e\u0442\u0438\u0432 \u0432\u044b\u043f\u0430\u0434\u0435\u043d\u0438\u044f \u0432\u043e\u043b\u043e\u0441 \\\"\u041a\u0443\u0431\u0430\\\" | Mooza Pro\",\"isPartOf\":{\"@id\":\"https:\\\/\\\/moozapro.com\\\/ru\\\/#website\"},\"primaryImageOfPage\":{\"@id\":\"https:\\\/\\\/moozapro.com\\\/ru\\\/produktas\\\/%d0%bc%d1%83%d0%b6%d1%81%d0%ba%d0%be%d0%b9-%d1%88%d0%b0%d0%bc%d0%bf%d1%83%d0%bd%d1%8c-%d0%bf%d1%80%d0%be%d1%82%d0%b8%d0%b2-%d0%b2%d1%8b%d0%bf%d0%b0%d0%b4%d0%b5%d0%bd%d0%b8%d1%8f-%d0%b2%d0%be%d0%bb\\\/#primaryimage\"},\"image\":{\"@id\":\"https:\\\/\\\/moozapro.com\\\/ru\\\/produktas\\\/%d0%bc%d1%83%d0%b6%d1%81%d0%ba%d0%be%d0%b9-%d1%88%d0%b0%d0%bc%d0%bf%d1%83%d0%bd%d1%8c-%d0%bf%d1%80%d0%be%d1%82%d0%b8%d0%b2-%d0%b2%d1%8b%d0%bf%d0%b0%d0%b4%d0%b5%d0%bd%d0%b8%d1%8f-%d0%b2%d0%be%d0%bb\\\/#primaryimage\"},\"thumbnailUrl\":\"https:\\\/\\\/moozapro.com\\\/wp-content\\\/uploads\\\/2024\\\/05\\\/cuba.jpg\",\"datePublished\":\"2024-05-27T12:38:01+00:00\",\"dateModified\":\"2026-02-13T14:00:13+00:00\",\"breadcrumb\":{\"@id\":\"https:\\\/\\\/moozapro.com\\\/ru\\\/produktas\\\/%d0%bc%d1%83%d0%b6%d1%81%d0%ba%d0%be%d0%b9-%d1%88%d0%b0%d0%bc%d0%bf%d1%83%d0%bd%d1%8c-%d0%bf%d1%80%d0%be%d1%82%d0%b8%d0%b2-%d0%b2%d1%8b%d0%bf%d0%b0%d0%b4%d0%b5%d0%bd%d0%b8%d1%8f-%d0%b2%d0%be%d0%bb\\\/#breadcrumb\"},\"inLanguage\":\"ru-RU\",\"potentialAction\":[{\"@type\":\"ReadAction\",\"target\":[\"https:\\\/\\\/moozapro.com\\\/ru\\\/produktas\\\/%d0%bc%d1%83%d0%b6%d1%81%d0%ba%d0%be%d0%b9-%d1%88%d0%b0%d0%bc%d0%bf%d1%83%d0%bd%d1%8c-%d0%bf%d1%80%d0%be%d1%82%d0%b8%d0%b2-%d0%b2%d1%8b%d0%bf%d0%b0%d0%b4%d0%b5%d0%bd%d0%b8%d1%8f-%d0%b2%d0%be%d0%bb\\\/\"]}]},{\"@type\":\"ImageObject\",\"inLanguage\":\"ru-RU\",\"@id\":\"https:\\\/\\\/moozapro.com\\\/ru\\\/produktas\\\/%d0%bc%d1%83%d0%b6%d1%81%d0%ba%d0%be%d0%b9-%d1%88%d0%b0%d0%bc%d0%bf%d1%83%d0%bd%d1%8c-%d0%bf%d1%80%d0%be%d1%82%d0%b8%d0%b2-%d0%b2%d1%8b%d0%bf%d0%b0%d0%b4%d0%b5%d0%bd%d0%b8%d1%8f-%d0%b2%d0%be%d0%bb\\\/#primaryimage\",\"url\":\"https:\\\/\\\/moozapro.com\\\/wp-content\\\/uploads\\\/2024\\\/05\\\/cuba.jpg\",\"contentUrl\":\"https:\\\/\\\/moozapro.com\\\/wp-content\\\/uploads\\\/2024\\\/05\\\/cuba.jpg\",\"width\":1200,\"height\":1200},{\"@type\":\"BreadcrumbList\",\"@id\":\"https:\\\/\\\/moozapro.com\\\/ru\\\/produktas\\\/%d0%bc%d1%83%d0%b6%d1%81%d0%ba%d0%be%d0%b9-%d1%88%d0%b0%d0%bc%d0%bf%d1%83%d0%bd%d1%8c-%d0%bf%d1%80%d0%be%d1%82%d0%b8%d0%b2-%d0%b2%d1%8b%d0%bf%d0%b0%d0%b4%d0%b5%d0%bd%d0%b8%d1%8f-%d0%b2%d0%be%d0%bb\\\/#breadcrumb\",\"itemListElement\":[{\"@type\":\"ListItem\",\"position\":1,\"name\":\"Pagrindinis\",\"item\":\"https:\\\/\\\/moozapro.com\\\/ru\\\/\"},{\"@type\":\"ListItem\",\"position\":2,\"name\":\"\u041c\u0430\u0433\u0430\u0437\u0438\u043d\",\"item\":\"https:\\\/\\\/moozapro.com\\\/ru\\\/%d0%bc%d0%b0%d0%b3%d0%b0%d0%b7%d0%b8%d0%bd-2\\\/\"},{\"@type\":\"ListItem\",\"position\":3,\"name\":\"\u041c\u0443\u0436\u0441\u043a\u043e\u0439 \u0448\u0430\u043c\u043f\u0443\u043d\u044c \u043f\u0440\u043e\u0442\u0438\u0432 \u0432\u044b\u043f\u0430\u0434\u0435\u043d\u0438\u044f \u0432\u043e\u043b\u043e\u0441 &#171;\u041a\u0443\u0431\u0430\\\"\"}]},{\"@type\":\"WebSite\",\"@id\":\"https:\\\/\\\/moozapro.com\\\/ru\\\/#website\",\"url\":\"https:\\\/\\\/moozapro.com\\\/ru\\\/\",\"name\":\"Mooza Pro\",\"description\":\"Priemon\u0117s j\u016bs\u0173 plaukams\",\"publisher\":{\"@id\":\"https:\\\/\\\/moozapro.com\\\/ru\\\/#organization\"},\"potentialAction\":[{\"@type\":\"SearchAction\",\"target\":{\"@type\":\"EntryPoint\",\"urlTemplate\":\"https:\\\/\\\/moozapro.com\\\/ru\\\/?s={search_term_string}\"},\"query-input\":{\"@type\":\"PropertyValueSpecification\",\"valueRequired\":true,\"valueName\":\"search_term_string\"}}],\"inLanguage\":\"ru-RU\"},{\"@type\":\"Organization\",\"@id\":\"https:\\\/\\\/moozapro.com\\\/ru\\\/#organization\",\"name\":\"Mooza Pro\",\"url\":\"https:\\\/\\\/moozapro.com\\\/ru\\\/\",\"logo\":{\"@type\":\"ImageObject\",\"inLanguage\":\"ru-RU\",\"@id\":\"https:\\\/\\\/moozapro.com\\\/ru\\\/#\\\/schema\\\/logo\\\/image\\\/\",\"url\":\"https:\\\/\\\/moozapro.com\\\/wp-content\\\/uploads\\\/2023\\\/11\\\/Mooza-Pro-mazas-logo.png\",\"contentUrl\":\"https:\\\/\\\/moozapro.com\\\/wp-content\\\/uploads\\\/2023\\\/11\\\/Mooza-Pro-mazas-logo.png\",\"width\":250,\"height\":103,\"caption\":\"Mooza Pro\"},\"image\":{\"@id\":\"https:\\\/\\\/moozapro.com\\\/ru\\\/#\\\/schema\\\/logo\\\/image\\\/\"},\"sameAs\":[\"https:\\\/\\\/www.facebook.com\\\/moozabeauty\"]}]}<\/script>\n<!-- \/ Yoast SEO plugin. -->","yoast_head_json":{"title":"\u041c\u0443\u0436\u0441\u043a\u043e\u0439 \u0448\u0430\u043c\u043f\u0443\u043d\u044c \u043f\u0440\u043e\u0442\u0438\u0432 \u0432\u044b\u043f\u0430\u0434\u0435\u043d\u0438\u044f \u0432\u043e\u043b\u043e\u0441 \"\u041a\u0443\u0431\u0430\" | Mooza Pro","robots":{"index":"index","follow":"follow","max-snippet":"max-snippet:-1","max-image-preview":"max-image-preview:large","max-video-preview":"max-video-preview:-1"},"canonical":"https:\/\/moozapro.com\/ru\/produktas\/%d0%bc%d1%83%d0%b6%d1%81%d0%ba%d0%be%d0%b9-%d1%88%d0%b0%d0%bc%d0%bf%d1%83%d0%bd%d1%8c-%d0%bf%d1%80%d0%be%d1%82%d0%b8%d0%b2-%d0%b2%d1%8b%d0%bf%d0%b0%d0%b4%d0%b5%d0%bd%d0%b8%d1%8f-%d0%b2%d0%be%d0%bb\/","og_locale":"ru_RU","og_type":"article","og_title":"\u041c\u0443\u0436\u0441\u043a\u043e\u0439 \u0448\u0430\u043c\u043f\u0443\u043d\u044c \u043f\u0440\u043e\u0442\u0438\u0432 \u0432\u044b\u043f\u0430\u0434\u0435\u043d\u0438\u044f \u0432\u043e\u043b\u043e\u0441 \"\u041a\u0443\u0431\u0430\" | Mooza Pro","og_description":"\u041e\u0441\u0432\u0435\u0436\u0430\u044e\u0449\u0438\u0439 \u0448\u0430\u043c\u043f\u0443\u043d\u044c \u043f\u0440\u043e\u0442\u0438\u0432 \u0432\u044b\u043f\u0430\u0434\u0435\u043d\u0438\u044f \u0432\u043e\u043b\u043e\u0441, \u043e\u0431\u043e\u0433\u0430\u0449\u0435\u043d\u043d\u044b\u0439 \u043f\u0435\u0440\u0435\u0447\u043d\u043e\u0439 \u043c\u044f\u0442\u043e\u0439, \u0437\u0430\u0449\u0438\u0449\u0430\u0435\u0442 \u0438 \u0443\u043a\u0440\u0435\u043f\u043b\u044f\u0435\u0442 \u0432\u043e\u043b\u043e\u0441\u044b. \u0423\u0441\u043e\u0432\u0435\u0440\u0448\u0435\u043d\u0441\u0442\u0432\u043e\u0432\u0430\u043d\u043d\u0430\u044f \u0444\u043e\u0440\u043c\u0443\u043b\u0430, \u0431\u043e\u0433\u0430\u0442\u0430\u044f \u044d\u0444\u0438\u0440\u043d\u044b\u043c\u0438 \u043c\u0430\u0441\u043b\u0430\u043c\u0438, \u0432\u043a\u043b\u044e\u0447\u0430\u044f \u043c\u0430\u0441\u043b\u043e \u0431\u0443\u0440\u0438\u0442\u0438, \u0436\u043e\u0436\u043e\u0431\u0430 \u0438 \u043c\u0438\u043d\u0434\u0430\u043b\u044f, \u043f\u0438\u0442\u0430\u0435\u0442 \u0438 \u0443\u0432\u043b\u0430\u0436\u043d\u044f\u0435\u0442 \u0432\u043e\u043b\u043e\u0441\u044b. \u0418\u0421\u041f\u041e\u041b\u042c\u0417\u041e\u0412\u0410\u041d\u0418\u0415: \u043d\u0430\u043d\u0435\u0441\u0438\u0442\u0435 \u043d\u0430 \u0432\u043b\u0430\u0436\u043d\u0443\u044e \u043a\u043e\u0436\u0443 \u0438 \u0432\u043e\u043b\u043e\u0441\u044b, \u0432\u043c\u0430\u0441\u0441\u0438\u0440\u0443\u0439\u0442\u0435, \u0441\u043c\u043e\u0439\u0442\u0435. \u041f\u0440\u0438 \u0441\u0438\u043b\u044c\u043d\u043e\u043c \u0432\u044b\u043f\u0430\u0434\u0435\u043d\u0438\u0438 \u0432\u043e\u043b\u043e\u0441 \u043e\u0441\u0442\u0430\u0432\u044c\u0442\u0435 \u0441\u0440\u0435\u0434\u0441\u0442\u0432\u043e \u043d\u0430 \u043a\u043e\u0436\u0435 \u043d\u0430 1-5 \u043c\u0438\u043d\u0443\u0442. \u0421\u043e\u0441\u0442\u0430\u0432:Aqua, Ammonium lauryl sulphate, Cocamidopropyl betaine, Sodium lauryl glucose carboxylate, Lauryl glucoside, Curcuma\u2026","og_url":"https:\/\/moozapro.com\/ru\/produktas\/%d0%bc%d1%83%d0%b6%d1%81%d0%ba%d0%be%d0%b9-%d1%88%d0%b0%d0%bc%d0%bf%d1%83%d0%bd%d1%8c-%d0%bf%d1%80%d0%be%d1%82%d0%b8%d0%b2-%d0%b2%d1%8b%d0%bf%d0%b0%d0%b4%d0%b5%d0%bd%d0%b8%d1%8f-%d0%b2%d0%be%d0%bb\/","og_site_name":"Mooza Pro","article_publisher":"https:\/\/www.facebook.com\/moozabeauty","article_modified_time":"2026-02-13T14:00:13+00:00","og_image":[{"width":1200,"height":1200,"url":"https:\/\/moozapro.com\/wp-content\/uploads\/2024\/05\/cuba.jpg","type":"image\/jpeg"}],"twitter_card":"summary_large_image","schema":{"@context":"https:\/\/schema.org","@graph":[{"@type":"WebPage","@id":"https:\/\/moozapro.com\/ru\/produktas\/%d0%bc%d1%83%d0%b6%d1%81%d0%ba%d0%be%d0%b9-%d1%88%d0%b0%d0%bc%d0%bf%d1%83%d0%bd%d1%8c-%d0%bf%d1%80%d0%be%d1%82%d0%b8%d0%b2-%d0%b2%d1%8b%d0%bf%d0%b0%d0%b4%d0%b5%d0%bd%d0%b8%d1%8f-%d0%b2%d0%be%d0%bb\/","url":"https:\/\/moozapro.com\/ru\/produktas\/%d0%bc%d1%83%d0%b6%d1%81%d0%ba%d0%be%d0%b9-%d1%88%d0%b0%d0%bc%d0%bf%d1%83%d0%bd%d1%8c-%d0%bf%d1%80%d0%be%d1%82%d0%b8%d0%b2-%d0%b2%d1%8b%d0%bf%d0%b0%d0%b4%d0%b5%d0%bd%d0%b8%d1%8f-%d0%b2%d0%be%d0%bb\/","name":"\u041c\u0443\u0436\u0441\u043a\u043e\u0439 \u0448\u0430\u043c\u043f\u0443\u043d\u044c \u043f\u0440\u043e\u0442\u0438\u0432 \u0432\u044b\u043f\u0430\u0434\u0435\u043d\u0438\u044f \u0432\u043e\u043b\u043e\u0441 \"\u041a\u0443\u0431\u0430\" | Mooza Pro","isPartOf":{"@id":"https:\/\/moozapro.com\/ru\/#website"},"primaryImageOfPage":{"@id":"https:\/\/moozapro.com\/ru\/produktas\/%d0%bc%d1%83%d0%b6%d1%81%d0%ba%d0%be%d0%b9-%d1%88%d0%b0%d0%bc%d0%bf%d1%83%d0%bd%d1%8c-%d0%bf%d1%80%d0%be%d1%82%d0%b8%d0%b2-%d0%b2%d1%8b%d0%bf%d0%b0%d0%b4%d0%b5%d0%bd%d0%b8%d1%8f-%d0%b2%d0%be%d0%bb\/#primaryimage"},"image":{"@id":"https:\/\/moozapro.com\/ru\/produktas\/%d0%bc%d1%83%d0%b6%d1%81%d0%ba%d0%be%d0%b9-%d1%88%d0%b0%d0%bc%d0%bf%d1%83%d0%bd%d1%8c-%d0%bf%d1%80%d0%be%d1%82%d0%b8%d0%b2-%d0%b2%d1%8b%d0%bf%d0%b0%d0%b4%d0%b5%d0%bd%d0%b8%d1%8f-%d0%b2%d0%be%d0%bb\/#primaryimage"},"thumbnailUrl":"https:\/\/moozapro.com\/wp-content\/uploads\/2024\/05\/cuba.jpg","datePublished":"2024-05-27T12:38:01+00:00","dateModified":"2026-02-13T14:00:13+00:00","breadcrumb":{"@id":"https:\/\/moozapro.com\/ru\/produktas\/%d0%bc%d1%83%d0%b6%d1%81%d0%ba%d0%be%d0%b9-%d1%88%d0%b0%d0%bc%d0%bf%d1%83%d0%bd%d1%8c-%d0%bf%d1%80%d0%be%d1%82%d0%b8%d0%b2-%d0%b2%d1%8b%d0%bf%d0%b0%d0%b4%d0%b5%d0%bd%d0%b8%d1%8f-%d0%b2%d0%be%d0%bb\/#breadcrumb"},"inLanguage":"ru-RU","potentialAction":[{"@type":"ReadAction","target":["https:\/\/moozapro.com\/ru\/produktas\/%d0%bc%d1%83%d0%b6%d1%81%d0%ba%d0%be%d0%b9-%d1%88%d0%b0%d0%bc%d0%bf%d1%83%d0%bd%d1%8c-%d0%bf%d1%80%d0%be%d1%82%d0%b8%d0%b2-%d0%b2%d1%8b%d0%bf%d0%b0%d0%b4%d0%b5%d0%bd%d0%b8%d1%8f-%d0%b2%d0%be%d0%bb\/"]}]},{"@type":"ImageObject","inLanguage":"ru-RU","@id":"https:\/\/moozapro.com\/ru\/produktas\/%d0%bc%d1%83%d0%b6%d1%81%d0%ba%d0%be%d0%b9-%d1%88%d0%b0%d0%bc%d0%bf%d1%83%d0%bd%d1%8c-%d0%bf%d1%80%d0%be%d1%82%d0%b8%d0%b2-%d0%b2%d1%8b%d0%bf%d0%b0%d0%b4%d0%b5%d0%bd%d0%b8%d1%8f-%d0%b2%d0%be%d0%bb\/#primaryimage","url":"https:\/\/moozapro.com\/wp-content\/uploads\/2024\/05\/cuba.jpg","contentUrl":"https:\/\/moozapro.com\/wp-content\/uploads\/2024\/05\/cuba.jpg","width":1200,"height":1200},{"@type":"BreadcrumbList","@id":"https:\/\/moozapro.com\/ru\/produktas\/%d0%bc%d1%83%d0%b6%d1%81%d0%ba%d0%be%d0%b9-%d1%88%d0%b0%d0%bc%d0%bf%d1%83%d0%bd%d1%8c-%d0%bf%d1%80%d0%be%d1%82%d0%b8%d0%b2-%d0%b2%d1%8b%d0%bf%d0%b0%d0%b4%d0%b5%d0%bd%d0%b8%d1%8f-%d0%b2%d0%be%d0%bb\/#breadcrumb","itemListElement":[{"@type":"ListItem","position":1,"name":"Pagrindinis","item":"https:\/\/moozapro.com\/ru\/"},{"@type":"ListItem","position":2,"name":"\u041c\u0430\u0433\u0430\u0437\u0438\u043d","item":"https:\/\/moozapro.com\/ru\/%d0%bc%d0%b0%d0%b3%d0%b0%d0%b7%d0%b8%d0%bd-2\/"},{"@type":"ListItem","position":3,"name":"\u041c\u0443\u0436\u0441\u043a\u043e\u0439 \u0448\u0430\u043c\u043f\u0443\u043d\u044c \u043f\u0440\u043e\u0442\u0438\u0432 \u0432\u044b\u043f\u0430\u0434\u0435\u043d\u0438\u044f \u0432\u043e\u043b\u043e\u0441 &#171;\u041a\u0443\u0431\u0430\""}]},{"@type":"WebSite","@id":"https:\/\/moozapro.com\/ru\/#website","url":"https:\/\/moozapro.com\/ru\/","name":"Mooza Pro","description":"Priemon\u0117s j\u016bs\u0173 plaukams","publisher":{"@id":"https:\/\/moozapro.com\/ru\/#organization"},"potentialAction":[{"@type":"SearchAction","target":{"@type":"EntryPoint","urlTemplate":"https:\/\/moozapro.com\/ru\/?s={search_term_string}"},"query-input":{"@type":"PropertyValueSpecification","valueRequired":true,"valueName":"search_term_string"}}],"inLanguage":"ru-RU"},{"@type":"Organization","@id":"https:\/\/moozapro.com\/ru\/#organization","name":"Mooza Pro","url":"https:\/\/moozapro.com\/ru\/","logo":{"@type":"ImageObject","inLanguage":"ru-RU","@id":"https:\/\/moozapro.com\/ru\/#\/schema\/logo\/image\/","url":"https:\/\/moozapro.com\/wp-content\/uploads\/2023\/11\/Mooza-Pro-mazas-logo.png","contentUrl":"https:\/\/moozapro.com\/wp-content\/uploads\/2023\/11\/Mooza-Pro-mazas-logo.png","width":250,"height":103,"caption":"Mooza Pro"},"image":{"@id":"https:\/\/moozapro.com\/ru\/#\/schema\/logo\/image\/"},"sameAs":["https:\/\/www.facebook.com\/moozabeauty"]}]}},"_links":{"self":[{"href":"https:\/\/moozapro.com\/ru\/wp-json\/wp\/v2\/product\/34490","targetHints":{"allow":["GET"]}}],"collection":[{"href":"https:\/\/moozapro.com\/ru\/wp-json\/wp\/v2\/product"}],"about":[{"href":"https:\/\/moozapro.com\/ru\/wp-json\/wp\/v2\/types\/product"}],"replies":[{"embeddable":true,"href":"https:\/\/moozapro.com\/ru\/wp-json\/wp\/v2\/comments?post=34490"}],"version-history":[{"count":1,"href":"https:\/\/moozapro.com\/ru\/wp-json\/wp\/v2\/product\/34490\/revisions"}],"predecessor-version":[{"id":40715,"href":"https:\/\/moozapro.com\/ru\/wp-json\/wp\/v2\/product\/34490\/revisions\/40715"}],"wp:featuredmedia":[{"embeddable":true,"href":"https:\/\/moozapro.com\/ru\/wp-json\/wp\/v2\/media\/34491"}],"wp:attachment":[{"href":"https:\/\/moozapro.com\/ru\/wp-json\/wp\/v2\/media?parent=34490"}],"wp:term":[{"taxonomy":"product_brand","embeddable":true,"href":"https:\/\/moozapro.com\/ru\/wp-json\/wp\/v2\/product_brand?post=34490"},{"taxonomy":"product_cat","embeddable":true,"href":"https:\/\/moozapro.com\/ru\/wp-json\/wp\/v2\/product_cat?post=34490"},{"taxonomy":"product_tag","embeddable":true,"href":"https:\/\/moozapro.com\/ru\/wp-json\/wp\/v2\/product_tag?post=34490"}],"curies":[{"name":"wp","href":"https:\/\/api.w.org\/{rel}","templated":true}]}}